{"id":13,"date":"2019-06-22T10:59:20","date_gmt":"2019-06-22T08:59:20","guid":{"rendered":"http:\/\/paticure.ch\/?page_id=13"},"modified":"2025-04-06T12:37:11","modified_gmt":"2025-04-06T10:37:11","slug":"step-flex","status":"publish","type":"page","link":"http:\/\/paticure.ch\/?page_id=13","title":{"rendered":"Step Flex"},"content":{"rendered":"\n<p><strong>Das Step Flex Konzept<\/strong><\/p>\n\n\n\n<p>Bei Fussfehlstellungen ist der gesamte K\u00f6rperbau betroffen. Schwache oder fehlgestellte Knochen und Fussgew\u00f6lbe k\u00f6nnen Schmerzen im gesamten K\u00f6rper inklusive Knie, H\u00fcfte, R\u00fccken, Nacken und Schulter ausl\u00f6sen.<\/p>\n\n\n\n<p>87% der Bev\u00f6lkerung haben fussbezogene Probleme ohne dies zu merken. Mit Step Flex Schuheinlagen f\u00fchlen sich Ihre F\u00fcsse und Sie selber von Grund auf besser gest\u00fctzt und gest\u00e4rkt.<\/p>\n\n\n\n<p>Harte Unterlagen, ungeeignetes Schuhwerk, Alter und Schwerkraft sind die Hauptfaktoren, die zu einer strukturellen Fehlfunktion des Bewegungsapparates f\u00fchren.<\/p>\n\n\n\n<p>Die meisten Schuheinlagen werden hergestellt, um sich dem unausgeglichenen bzw. problematischen Fuss anzupassen. Step Flex Einlagen hingegen, werden in Form eines normalen gesunden Fusses hergestellt, sodass sich der fehlgestellte Fuss mit der Zeit der Orthesenform wieder anpasst.<\/p>\n\n\n\n<p>Step Flex Einlagen werden sofort die Fussknochen, Muskeln und B\u00e4nder neu ausrichten und unterst\u00fctzen, sowie die Muskeln Ihres Fusses trainieren und st\u00e4rken. Beides zusammen wird Ihren Fuss zur\u00fcck in die Normalform bringen. Probleme, welche mit einer falschen Fussausrichtung in Verbindung stehen, werden verschwinden.\u00a0<\/p>\n\n\n\n<p>Die einzigartige Struktur der Step Flex Einlagen unterst\u00fctzt alle drei B\u00f6gen des Fussgew\u00f6lbes, formt sie w\u00e4hrend des Laufens und trainiert die Fussmuskeln.&nbsp;<\/p>\n\n\n\n<figure class=\"wp-block-embed is-type-video is-provider-youtube wp-block-embed-youtube wp-embed-aspect-16-9 wp-has-aspect-ratio\"><div class=\"wp-block-embed__wrapper\">\n<iframe loading=\"lazy\" title=\"Hamburg 1 Interview mit Ralf Kraft (Kurzversion)\" width=\"525\" height=\"295\" src=\"https:\/\/www.youtube.com\/embed\/6M8NZC_KChU?list=PLK_liZK6Gh03ttBDK9b3YaaXBwOL1N993\" frameborder=\"0\" allow=\"accelerometer; autoplay; clipboard-write; encrypted-media; gyroscope; picture-in-picture; web-share\" referrerpolicy=\"strict-origin-when-cross-origin\" allowfullscreen><\/iframe>\n<\/div><\/figure>\n","protected":false},"excerpt":{"rendered":"<p>Das Step Flex Konzept Bei Fussfehlstellungen ist der gesamte K\u00f6rperbau betroffen. Schwache oder fehlgestellte Knochen und Fussgew\u00f6lbe k\u00f6nnen Schmerzen im gesamten K\u00f6rper inklusive Knie, H\u00fcfte, R\u00fccken, Nacken und Schulter ausl\u00f6sen. 87% der Bev\u00f6lkerung haben fussbezogene Probleme ohne dies zu merken. Mit Step Flex Schuheinlagen f\u00fchlen sich Ihre F\u00fcsse und Sie selber von Grund auf besser &hellip; <\/p>\n<p class=\"link-more\"><a href=\"http:\/\/paticure.ch\/?page_id=13\" class=\"more-link\"><span class=\"screen-reader-text\">\u201eStep Flex\u201c<\/span> weiterlesen<\/a><\/p>\n","protected":false},"author":1,"featured_media":61,"parent":0,"menu_order":0,"comment_status":"closed","ping_status":"closed","template":"","meta":{"footnotes":""},"class_list":["post-13","page","type-page","status-publish","has-post-thumbnail","hentry"],"_links":{"self":[{"href":"http:\/\/paticure.ch\/index.php?rest_route=\/wp\/v2\/pages\/13","targetHints":{"allow":["GET"]}}],"collection":[{"href":"http:\/\/paticure.ch\/index.php?rest_route=\/wp\/v2\/pages"}],"about":[{"href":"http:\/\/paticure.ch\/index.php?rest_route=\/wp\/v2\/types\/page"}],"author":[{"embeddable":true,"href":"http:\/\/paticure.ch\/index.php?rest_route=\/wp\/v2\/users\/1"}],"replies":[{"embeddable":true,"href":"http:\/\/paticure.ch\/index.php?rest_route=%2Fwp%2Fv2%2Fcomments&post=13"}],"version-history":[{"count":11,"href":"http:\/\/paticure.ch\/index.php?rest_route=\/wp\/v2\/pages\/13\/revisions"}],"predecessor-version":[{"id":73,"href":"http:\/\/paticure.ch\/index.php?rest_route=\/wp\/v2\/pages\/13\/revisions\/73"}],"wp:featuredmedia":[{"embeddable":true,"href":"http:\/\/paticure.ch\/index.php?rest_route=\/wp\/v2\/media\/61"}],"wp:attachment":[{"href":"http:\/\/paticure.ch\/index.php?rest_route=%2Fwp%2Fv2%2Fmedia&parent=13"}],"curies":[{"name":"wp","href":"https:\/\/api.w.org\/{rel}","templated":true}]}}